{"id":334,"date":"2025-03-28T17:32:59","date_gmt":"2025-03-28T17:32:59","guid":{"rendered":"https:\/\/bacalhaubarents.com\/?page_id=334"},"modified":"2025-03-28T17:32:59","modified_gmt":"2025-03-28T17:32:59","slug":"distribuidores","status":"publish","type":"page","link":"https:\/\/bacalhaubarents.com\/?page_id=334","title":{"rendered":"Distribuidores"},"content":{"rendered":"\n<p class=\"has-itc-kabel-std-font-family has-x-large-font-size\">DISTRIBUIDORES<\/p>\n\n\n\n<p>A nossa distribui\u00e7\u00e3o tem como objectivo, ajudar e facilitar os nossos clientes nos momentos em que mais necessitam o Bacalhau Barents, a tempo e a horas da confec\u00e7\u00e3o.<\/p>\n\n\n\n<p>Fazemos entregas mediante os compromissos em:<\/p>\n\n\n\n<p><strong>Aveiro<\/strong><\/p>\n\n\n\n<p><strong>Ilhavo<\/strong><\/p>\n\n\n\n<p><strong>Gafanha da Nazar\u00e9<\/strong><\/p>\n\n\n\n<p><strong>Gafanha da Encarna\u00e7\u00e3o<\/strong><\/p>\n","protected":false},"excerpt":{"rendered":"<p>DISTRIBUIDORES A nossa distribui\u00e7\u00e3o tem como objectivo, ajudar e facilitar os nossos clientes nos momentos em que mais necessitam o Bacalhau Barents, a tempo e a horas da confec\u00e7\u00e3o. Fazemos entregas mediante os compromissos em: Aveiro Ilhavo Gafanha da Nazar\u00e9 Gafanha da Encarna\u00e7\u00e3o<\/p>\n","protected":false},"author":1,"featured_media":0,"parent":0,"menu_order":0,"comment_status":"closed","ping_status":"closed","template":"","meta":{"_uag_custom_page_level_css":"","footnotes":""},"class_list":["post-334","page","type-page","status-publish","hentry"],"uagb_featured_image_src":{"full":false,"thumbnail":false,"medium":false,"medium_large":false,"large":false,"1536x1536":false,"2048x2048":false,"depicter-thumbnail":false},"uagb_author_info":{"display_name":"admin","author_link":"https:\/\/bacalhaubarents.com\/?author=1"},"uagb_comment_info":0,"uagb_excerpt":"DISTRIBUIDORES A nossa distribui\u00e7\u00e3o tem como objectivo, ajudar e facilitar os nossos clientes nos momentos em que mais necessitam o Bacalhau Barents, a tempo e a horas da confec\u00e7\u00e3o. Fazemos entregas mediante os compromissos em: Aveiro Ilhavo Gafanha da Nazar\u00e9 Gafanha da Encarna\u00e7\u00e3o","_links":{"self":[{"href":"https:\/\/bacalhaubarents.com\/index.php?rest_route=\/wp\/v2\/pages\/334","targetHints":{"allow":["GET"]}}],"collection":[{"href":"https:\/\/bacalhaubarents.com\/index.php?rest_route=\/wp\/v2\/pages"}],"about":[{"href":"https:\/\/bacalhaubarents.com\/index.php?rest_route=\/wp\/v2\/types\/page"}],"author":[{"embeddable":true,"href":"https:\/\/bacalhaubarents.com\/index.php?rest_route=\/wp\/v2\/users\/1"}],"replies":[{"embeddable":true,"href":"https:\/\/bacalhaubarents.com\/index.php?rest_route=%2Fwp%2Fv2%2Fcomments&post=334"}],"version-history":[{"count":2,"href":"https:\/\/bacalhaubarents.com\/index.php?rest_route=\/wp\/v2\/pages\/334\/revisions"}],"predecessor-version":[{"id":336,"href":"https:\/\/bacalhaubarents.com\/index.php?rest_route=\/wp\/v2\/pages\/334\/revisions\/336"}],"wp:attachment":[{"href":"https:\/\/bacalhaubarents.com\/index.php?rest_route=%2Fwp%2Fv2%2Fmedia&parent=334"}],"curies":[{"name":"wp","href":"https:\/\/api.w.org\/{rel}","templated":true}]}}